{"id":142,"date":"2016-08-06T17:34:46","date_gmt":"2016-08-06T17:34:46","guid":{"rendered":"http:\/\/www.kraeutersturm.ch\/wordpress\/?page_id=142"},"modified":"2018-02-25T17:15:03","modified_gmt":"2018-02-25T16:15:03","slug":"cocolino","status":"publish","type":"page","link":"https:\/\/www.kraeutersturm.ch\/wordpress\/engagement\/cocolino\/","title":{"rendered":"Cocolino"},"content":{"rendered":"<p>&#8222;In erster Linie m\u00f6chten <a title=\"Chr\u00fcteroski\" href=\"http:\/\/www.chrueteroski.ch\/\" target=\"_blank\" rel=\"noopener\">Oskar Marti<\/a>, besser bekannt als &#8222;Chr\u00fcteroski&#8220;, und\u00a0<a title=\"Oski Weiss\" href=\"http:\/\/www.oskarweiss.ch\/menu.html\" target=\"_blank\" rel=\"noopener\">Oskar Weiss<\/a> so viele Kinder wie m\u00f6glich gl\u00fccklich machen.&#8220;<\/p>\n<p style=\"text-align: justify;\">Ich auch. Deshalb habe ich vor 2010 die Ausbildung zur Cocolino-Fachberaterin abgeschlossen und darf seither Kochkurse f\u00fcr Kinder anbieten. Im Namen des blauen Koch-Katers. Eine wundervolle Aufgabe und manchmal eine Herausforderung.<\/p>\n<div id=\"attachment_1243\" style=\"width: 610px\" class=\"wp-caption alignnone\"><img loading=\"lazy\" decoding=\"async\" aria-describedby=\"caption-attachment-1243\" class=\"wp-image-1243\" src=\"https:\/\/www.kraeutersturm.ch\/wordpress\/wp-content\/uploads\/2016\/08\/cocolino-145a.jpg\" width=\"600\" height=\"520\" srcset=\"https:\/\/www.kraeutersturm.ch\/wordpress\/wp-content\/uploads\/2016\/08\/cocolino-145a.jpg 663w, https:\/\/www.kraeutersturm.ch\/wordpress\/wp-content\/uploads\/2016\/08\/cocolino-145a-220x191.jpg 220w, https:\/\/www.kraeutersturm.ch\/wordpress\/wp-content\/uploads\/2016\/08\/cocolino-145a-640x555.jpg 640w\" sizes=\"auto, (max-width: 600px) 100vw, 600px\" \/><p id=\"caption-attachment-1243\" class=\"wp-caption-text\">Show-Kochen an der BEA 2012<\/p><\/div>\n<p>&#8222;Dank lustvoller Wissensvermittlung und einer unverwechselbaren heiteren Bilderwelt soll Kochen f\u00fcr sie zu einem Erlebnis werden. Der bewusste Umgang mit Lebensmitteln und die Freude am gemeinsamen Kochen und Geniessen sind f\u00fcr das einzelne Kind charakterbildend und f\u00fcr alle Beteiligten ein Gewinn. Dies soll Cocolinos Beitrag auf dem Weg zu einer ges\u00fcnderen, aktiven und friedlichen Gesellschaft sein.&#8220;<\/p>\n<div id=\"attachment_1245\" style=\"width: 460px\" class=\"wp-caption alignnone\"><img loading=\"lazy\" decoding=\"async\" aria-describedby=\"caption-attachment-1245\" class=\"wp-image-1245\" src=\"https:\/\/www.kraeutersturm.ch\/wordpress\/wp-content\/uploads\/2016\/08\/IMAG1576.jpg\" alt=\"imag1576\" width=\"450\" height=\"752\" srcset=\"https:\/\/www.kraeutersturm.ch\/wordpress\/wp-content\/uploads\/2016\/08\/IMAG1576.jpg 1552w, https:\/\/www.kraeutersturm.ch\/wordpress\/wp-content\/uploads\/2016\/08\/IMAG1576-132x220.jpg 132w, https:\/\/www.kraeutersturm.ch\/wordpress\/wp-content\/uploads\/2016\/08\/IMAG1576-383x640.jpg 383w, https:\/\/www.kraeutersturm.ch\/wordpress\/wp-content\/uploads\/2016\/08\/IMAG1576-768x1283.jpg 768w, https:\/\/www.kraeutersturm.ch\/wordpress\/wp-content\/uploads\/2016\/08\/IMAG1576-479x800.jpg 479w\" sizes=\"auto, (max-width: 450px) 100vw, 450px\" \/><p id=\"caption-attachment-1245\" class=\"wp-caption-text\">Chr\u00fcteroski, Cocolino und seine Kindercrew am Slow Food Market 2011<\/p><\/div>\n<p>&#8222;Cocolino will in erster Linie Freude am Kochen, am Essen, an der Natur und am Miteinander, aber auch Werte wie Lebensqualit\u00e4t, Tradition, Umwelt- und Naturbewusstsein vermitteln; Kinder lernen zu kochen, zu geniessen und bewusst mit Lebensmitteln umzugehen.&#8220;<\/p>\n<div id=\"attachment_1241\" style=\"width: 510px\" class=\"wp-caption alignnone\"><img loading=\"lazy\" decoding=\"async\" aria-describedby=\"caption-attachment-1241\" class=\"wp-image-1241\" src=\"https:\/\/www.kraeutersturm.ch\/wordpress\/wp-content\/uploads\/2016\/08\/IMAG0554.jpg\" width=\"500\" height=\"299\" srcset=\"https:\/\/www.kraeutersturm.ch\/wordpress\/wp-content\/uploads\/2016\/08\/IMAG0554.jpg 2592w, https:\/\/www.kraeutersturm.ch\/wordpress\/wp-content\/uploads\/2016\/08\/IMAG0554-220x132.jpg 220w, https:\/\/www.kraeutersturm.ch\/wordpress\/wp-content\/uploads\/2016\/08\/IMAG0554-640x383.jpg 640w, https:\/\/www.kraeutersturm.ch\/wordpress\/wp-content\/uploads\/2016\/08\/IMAG0554-768x460.jpg 768w, https:\/\/www.kraeutersturm.ch\/wordpress\/wp-content\/uploads\/2016\/08\/IMAG0554-1200x719.jpg 1200w\" sizes=\"auto, (max-width: 500px) 100vw, 500px\" \/><p id=\"caption-attachment-1241\" class=\"wp-caption-text\">Pr\u00e4sentation der Abschlussarbeit<\/p><\/div>\n","protected":false},"excerpt":{"rendered":"<p>&#8222;In erster Linie m\u00f6chten Oskar Marti, besser bekannt als &#8222;Chr\u00fcteroski&#8220;, und\u00a0Oskar Weiss so viele Kinder wie m\u00f6glich gl\u00fccklich machen.&#8220; Ich auch. Deshalb habe ich vor 2010 die Ausbildung zur Cocolino-Fachberaterin abgeschlossen und darf seither Kochkurse f\u00fcr Kinder anbieten. Im Namen des blauen Koch-Katers. Eine wundervolle Aufgabe und manchmal eine Herausforderung. &#8222;Dank lustvoller Wissensvermittlung und einer unverwechselbaren heiteren Bilderwelt soll Kochen f\u00fcr sie zu einem Erlebnis werden. Der bewusste Umgang mit Lebensmitteln und die Freude am gemeinsamen Kochen und Geniessen sind f\u00fcr das einzelne Kind charakterbildend und f\u00fcr alle Beteiligten ein Gewinn. Dies soll Cocolinos Beitrag auf dem Weg zu einer ges\u00fcnderen, aktiven und friedlichen Gesellschaft sein.&#8220; &#8222;Cocolino will in erster Linie Freude am Kochen, am Essen, an der Natur und am Miteinander, aber auch Werte wie Lebensqualit\u00e4t, Tradition, Umwelt- und Naturbewusstsein vermitteln; Kinder lernen zu kochen, zu geniessen und bewusst mit Lebensmitteln umzugehen.&#8220;<\/p>\n","protected":false},"author":1,"featured_media":186,"parent":140,"menu_order":2,"comment_status":"closed","ping_status":"closed","template":"","meta":{"jetpack_post_was_ever_published":false,"footnotes":""},"class_list":["post-142","page","type-page","status-publish","has-post-thumbnail","hentry"],"jetpack_sharing_enabled":true,"jetpack_shortlink":"https:\/\/wp.me\/P6vZI1-2i","_links":{"self":[{"href":"https:\/\/www.kraeutersturm.ch\/wordpress\/wp-json\/wp\/v2\/pages\/142","targetHints":{"allow":["GET"]}}],"collection":[{"href":"https:\/\/www.kraeutersturm.ch\/wordpress\/wp-json\/wp\/v2\/pages"}],"about":[{"href":"https:\/\/www.kraeutersturm.ch\/wordpress\/wp-json\/wp\/v2\/types\/page"}],"author":[{"embeddable":true,"href":"https:\/\/www.kraeutersturm.ch\/wordpress\/wp-json\/wp\/v2\/users\/1"}],"replies":[{"embeddable":true,"href":"https:\/\/www.kraeutersturm.ch\/wordpress\/wp-json\/wp\/v2\/comments?post=142"}],"version-history":[{"count":7,"href":"https:\/\/www.kraeutersturm.ch\/wordpress\/wp-json\/wp\/v2\/pages\/142\/revisions"}],"predecessor-version":[{"id":2098,"href":"https:\/\/www.kraeutersturm.ch\/wordpress\/wp-json\/wp\/v2\/pages\/142\/revisions\/2098"}],"up":[{"embeddable":true,"href":"https:\/\/www.kraeutersturm.ch\/wordpress\/wp-json\/wp\/v2\/pages\/140"}],"wp:featuredmedia":[{"embeddable":true,"href":"https:\/\/www.kraeutersturm.ch\/wordpress\/wp-json\/wp\/v2\/media\/186"}],"wp:attachment":[{"href":"https:\/\/www.kraeutersturm.ch\/wordpress\/wp-json\/wp\/v2\/media?parent=142"}],"curies":[{"name":"wp","href":"https:\/\/api.w.org\/{rel}","templated":true}]}}